{"id":3169,"date":"2026-02-10T15:07:51","date_gmt":"2026-02-10T15:07:51","guid":{"rendered":"https:\/\/delavegalaw.romatechno.com\/?page_id=3169"},"modified":"2026-02-27T14:52:30","modified_gmt":"2026-02-27T14:52:30","slug":"media","status":"publish","type":"page","link":"https:\/\/delavegalaw.com\/es\/media\/","title":{"rendered":"Medios"},"content":{"rendered":"<div data-elementor-type=\"wp-page\" data-elementor-id=\"3169\" class=\"elementor elementor-3169\">\n\t\t\t\t<div class=\"elementor-element elementor-element-934fd38 e-flex e-con-boxed e-con e-parent\" data-id=\"934fd38\" data-element_type=\"container\" data-settings=\"{&quot;background_background&quot;:&quot;classic&quot;}\">\n\t\t\t\t\t<div class=\"e-con-inner\">\n\t\t<div class=\"elementor-element elementor-element-3a4da8ed e-con-full e-flex e-con e-child\" data-id=\"3a4da8ed\" data-element_type=\"container\">\n\t\t\t\t<div class=\"elementor-element elementor-element-6ba5cd8b elementor-widget elementor-widget-heading\" data-id=\"6ba5cd8b\" data-element_type=\"widget\" data-widget_type=\"heading.default\">\n\t\t\t\t<div class=\"elementor-widget-container\">\n\t\t\t\t\t<h1 class=\"elementor-heading-title elementor-size-default\">Medios<\/h1>\t\t\t\t<\/div>\n\t\t\t\t<\/div>\n\t\t\t\t<\/div>\n\t\t\t\t\t<\/div>\n\t\t\t\t<\/div>\n\t\t<div class=\"elementor-element elementor-element-58033037 e-flex e-con-boxed e-con e-parent\" data-id=\"58033037\" data-element_type=\"container\">\n\t\t\t\t\t<div class=\"e-con-inner\">\n\t\t\t\t<div class=\"elementor-element elementor-element-4e3d73fc elementor-widget elementor-widget-heading\" data-id=\"4e3d73fc\" data-element_type=\"widget\" data-widget_type=\"heading.default\">\n\t\t\t\t<div class=\"elementor-widget-container\">\n\t\t\t\t\t<h1 class=\"elementor-heading-title elementor-size-default\">ENTREVISTAS A JOHN DE LA VEGA EN MEDIOS:<\/h1>\t\t\t\t<\/div>\n\t\t\t\t<\/div>\n\t\t\t\t\t<\/div>\n\t\t\t\t<\/div>\n\t\t<div class=\"elementor-element elementor-element-9ce215b e-flex e-con-boxed e-con e-parent\" data-id=\"9ce215b\" data-element_type=\"container\">\n\t\t\t\t\t<div class=\"e-con-inner\">\n\t\t\t\t<div class=\"elementor-element elementor-element-5169fe0 borde-post elementor-widget elementor-widget-shortcode\" data-id=\"5169fe0\" data-element_type=\"widget\" data-widget_type=\"shortcode.default\">\n\t\t\t\t<div class=\"elementor-widget-container\">\n\t\t\t\t\t\t\t<div class=\"elementor-shortcode\"><div class=\"pt-cv-wrapper\"><div class=\"pt-cv-view pt-cv-grid pt-cv-colsys\" id=\"pt-cv-view-fd0d422ke5\"><div data-id=\"pt-cv-page-1\" class=\"pt-cv-page\" data-cvc=\"1\"><div class=\"col-md-12 col-sm-12 col-xs-12 pt-cv-content-item pt-cv-1-col\" ><div class='pt-cv-ifield'><h4 class=\"pt-cv-title\"><a href=\"https:\/\/www.youtube.com\/watch?v=Gf394yOFRyg%20\" class=\"_blank\" target=\"_blank\" >\u00bfQu\u00e9 hay detr\u00e1s de la decisi\u00f3n de EE. UU. de pausar los beneficios migratorios?<\/a><\/h4>\n<div class=\"pt-cv-content\">\n<p>John R. De La Vega explica detalles sobre la pausa indefinida de los procesos migratorios en los EE. UU., que afectan a ciudadanos de m\u00e1s de 18 naciones.<\/p>\n\n\n\n<p>Entrevista concedida a <a href=\"https:\/\/www.ntn24.com\/\">NTN24.<\/a><\/p>\n<\/div>\n<div class=\"pt-cv-meta-fields\"><span class=\"entry-date\"> <time datetime=\"2026-02-26T01:39:50+00:00\">febrero 26, 2026<\/time><\/span><\/div><\/div><\/div>\n<div class=\"col-md-12 col-sm-12 col-xs-12 pt-cv-content-item pt-cv-1-col\" ><div class='pt-cv-ifield'><h4 class=\"pt-cv-title\"><a href=\"https:\/\/www.telemundo51.com\/video\/videos\/videos-noticias\/abogado-responde-preguntas-y-aclara-dudas-sobre-el-tps-para-venezolanos\/2626866\/%20\" class=\"_blank\" target=\"_blank\" >Abogado responde preguntas y aclara dudas sobre el TPS para venezolanos<\/a><\/h4>\n<div class=\"pt-cv-content\">\n<p>La comunidad venezolana en Estados Unidos expresa sus dudas e incertidumbres debido a las acciones del Gobierno sobre el Estatus de Protecci\u00f3n Temporal (TPS, por sus siglas en ingl\u00e9s). El abogado John R. De La Vega responde en vivo a las consultas de los inmigrantes.<\/p>\n\n\n\n<p>Entrevista para <a href=\"https:\/\/www.telemundo51.com\/\">Telemundo51.<\/a><\/p>\n<\/div>\n<div class=\"pt-cv-meta-fields\"><span class=\"entry-date\"> <time datetime=\"2026-02-26T01:39:16+00:00\">febrero 26, 2026<\/time><\/span><\/div><\/div><\/div>\n<div class=\"col-md-12 col-sm-12 col-xs-12 pt-cv-content-item pt-cv-1-col\" ><div class='pt-cv-ifield'><h4 class=\"pt-cv-title\"><a href=\"https:\/\/www.youtube.com\/watch?v=P2CjaqoJn3E%20\" class=\"_blank\" target=\"_blank\" >EE. UU. paraliza los procesos de residencia y ciudadan\u00eda a migrantes de 19 pa\u00edses<\/a><\/h4>\n<div class=\"pt-cv-content\">\n<p>Al menos 19 pa\u00edses se vieron afectados por la paralizaci\u00f3n de los procesos de residencia y ciudadan\u00eda de cientos de miles de inmigrantes. \u00bfQu\u00e9 significa esto y c\u00f3mo afectar\u00e1 a las personas?<\/p>\n\n\n\n<p>Entrevista concedida a <a href=\"https:\/\/www.youtube.com\/redirect?event=video_description&amp;redir_token=QUFFLUhqbnctbTVOOUFsYzhpZDNFU2xIa2JrQkZ4SzNZUXxBQ3Jtc0ttSkZkQjBaSTl6RWhaMVFheF83MnZ1Q0dWYUhJX0lRVnBOZTBxTy00SXRKbUVEVmlSZFhLbDE1ZU9mUE1rUTlMQ1J6Q0hBOHFucHkwLXNzOWgzS2Zwbzd5a044a1pVX0dZMzdXR0g2djhsaEhwQkZ3bw&amp;q=https%3A%2F%2Fvoz.us%2F&amp;v=P2CjaqoJn3E\">VOZ News.<\/a><\/p>\n\n\n\n<p><\/p>\n<\/div>\n<div class=\"pt-cv-meta-fields\"><span class=\"entry-date\"> <time datetime=\"2026-02-26T01:36:29+00:00\">febrero 26, 2026<\/time><\/span><\/div><\/div><\/div>\n<div class=\"col-md-12 col-sm-12 col-xs-12 pt-cv-content-item pt-cv-1-col\" ><div class='pt-cv-ifield'><h4 class=\"pt-cv-title\"><a href=\"https:\/\/www.youtube.com\/watch?v=N7Vaqc7PC2c\" class=\"_blank\" target=\"_blank\" >TPS para Venezolanos: qu\u00e9 pasa ahora tras el fallo que declara ilegal su eliminaci\u00f3n<\/a><\/h4>\n<div class=\"pt-cv-content\">\n<p>Un tribunal federal de apelaciones en Estados Unidos declar\u00f3 ilegal la eliminaci\u00f3n del Estatus de Protecci\u00f3n Temporal (TPS, por sus siglas en ingl\u00e9s) para venezolanos, una decisi\u00f3n que vuelve a generar dudas e incertidumbre para cientos de miles de personas que viven y trabajan en el pa\u00eds.<\/p>\n\n\n\n<p>Entrevista para el canal colombiano <a href=\"https:\/\/tubarco.news\/\" data-type=\"link\" data-id=\"https:\/\/tubarco.news\/\">TuBarco<\/a>.<\/p>\n\n\n\n<p><\/p>\n<\/div>\n<div class=\"pt-cv-meta-fields\"><span class=\"entry-date\"> <time datetime=\"2026-02-25T21:02:12+00:00\">febrero 25, 2026<\/time><\/span><\/div><\/div><\/div><\/div><\/div><\/div><\/div>\n\t\t\t\t\t\t<\/div>\n\t\t\t\t<\/div>\n\t\t\t\t\t<\/div>\n\t\t\t\t<\/div>\n\t\t<div class=\"elementor-element elementor-element-4f9add2c e-flex e-con-boxed e-con e-parent\" data-id=\"4f9add2c\" data-element_type=\"container\">\n\t\t\t\t\t<div class=\"e-con-inner\">\n\t\t\t\t<div class=\"elementor-element elementor-element-858c85f elementor-widget elementor-widget-heading\" data-id=\"858c85f\" data-element_type=\"widget\" data-widget_type=\"heading.default\">\n\t\t\t\t<div class=\"elementor-widget-container\">\n\t\t\t\t\t<h2 class=\"elementor-heading-title elementor-size-default\"><a href=\"https:\/\/wa.me\/13054563474\">+1 (305) 456-3474<\/a><\/h2>\t\t\t\t<\/div>\n\t\t\t\t<\/div>\n\t\t\t\t<div class=\"elementor-element elementor-element-a5a879c elementor-align-center elementor-widget__width-initial button-link elementor-widget-mobile__width-initial elementor-widget elementor-widget-button\" data-id=\"a5a879c\" data-element_type=\"widget\" data-widget_type=\"button.default\">\n\t\t\t\t<div class=\"elementor-widget-container\">\n\t\t\t\t\t\t\t\t\t<div class=\"elementor-button-wrapper\">\n\t\t\t\t\t<a class=\"elementor-button elementor-button-link elementor-size-sm\" href=\"https:\/\/www.mycase.com\/login\/\">\n\t\t\t\t\t\t<span class=\"elementor-button-content-wrapper\">\n\t\t\t\t\t\t\t\t\t<span class=\"elementor-button-text\"> CONSULTA TU CASO<\/span>\n\t\t\t\t\t<\/span>\n\t\t\t\t\t<\/a>\n\t\t\t\t<\/div>\n\t\t\t\t\t\t\t\t<\/div>\n\t\t\t\t<\/div>\n\t\t\t\t<div class=\"elementor-element elementor-element-186d596 elementor-align-center elementor-widget__width-initial boton-contact-us elementor-widget elementor-widget-button\" data-id=\"186d596\" data-element_type=\"widget\" id=\"button-link\" data-widget_type=\"button.default\">\n\t\t\t\t<div class=\"elementor-widget-container\">\n\t\t\t\t\t\t\t\t\t<div class=\"elementor-button-wrapper\">\n\t\t\t\t\t<a class=\"elementor-button elementor-button-link elementor-size-sm\" href=\"#\">\n\t\t\t\t\t\t<span class=\"elementor-button-content-wrapper\">\n\t\t\t\t\t\t\t\t\t<span class=\"elementor-button-text\">Agenda una cita<\/span>\n\t\t\t\t\t<\/span>\n\t\t\t\t\t<\/a>\n\t\t\t\t<\/div>\n\t\t\t\t\t\t\t\t<\/div>\n\t\t\t\t<\/div>\n\t\t\t\t\t<\/div>\n\t\t\t\t<\/div>\n\t\t\t\t<\/div>","protected":false},"excerpt":{"rendered":"<p>Media INTERVIEWS WITH JOHN DE LA VEGA IN THE MEDIA: +1 (305) 456-3474 CHECK YOUR CASE Schedule Your Appointment<\/p>","protected":false},"author":1,"featured_media":0,"parent":0,"menu_order":0,"comment_status":"closed","ping_status":"closed","template":"","meta":{"site-sidebar-layout":"no-sidebar","site-content-layout":"page-builder","ast-site-content-layout":"full-width-container","site-content-style":"default","site-sidebar-style":"default","ast-global-header-display":"","ast-banner-title-visibility":"","ast-main-header-display":"","ast-hfb-above-header-display":"","ast-hfb-below-header-display":"","ast-hfb-mobile-header-display":"","site-post-title":"disabled","ast-breadcrumbs-content":"","ast-featured-img":"disabled","footer-sml-layout":"","ast-disable-related-posts":"","theme-transparent-header-meta":"enabled","adv-header-id-meta":"","stick-header-meta":"","header-above-stick-meta":"","header-main-stick-meta":"","header-below-stick-meta":"","astra-migrate-meta-layouts":"set","ast-page-background-enabled":"default","ast-page-background-meta":{"desktop":{"background-color":"","background-image":"","background-repeat":"repeat","background-position":"center center","background-size":"auto","background-attachment":"scroll","background-type":"","background-media":"","overlay-type":"","overlay-color":"","overlay-opacity":"","overlay-gradient":""},"tablet":{"background-color":"","background-image":"","background-repeat":"repeat","background-position":"center center","background-size":"auto","background-attachment":"scroll","background-type":"","background-media":"","overlay-type":"","overlay-color":"","overlay-opacity":"","overlay-gradient":""},"mobile":{"background-color":"","background-image":"","background-repeat":"repeat","background-position":"center center","background-size":"auto","background-attachment":"scroll","background-type":"","background-media":"","overlay-type":"","overlay-color":"","overlay-opacity":"","overlay-gradient":""}},"ast-content-background-meta":{"desktop":{"background-color":"var(--ast-global-color-5)","background-image":"","background-repeat":"repeat","background-position":"center center","background-size":"auto","background-attachment":"scroll","background-type":"","background-media":"","overlay-type":"","overlay-color":"","overlay-opacity":"","overlay-gradient":""},"tablet":{"background-color":"var(--ast-global-color-5)","background-image":"","background-repeat":"repeat","background-position":"center center","background-size":"auto","background-attachment":"scroll","background-type":"","background-media":"","overlay-type":"","overlay-color":"","overlay-opacity":"","overlay-gradient":""},"mobile":{"background-color":"var(--ast-global-color-5)","background-image":"","background-repeat":"repeat","background-position":"center center","background-size":"auto","background-attachment":"scroll","background-type":"","background-media":"","overlay-type":"","overlay-color":"","overlay-opacity":"","overlay-gradient":""}},"footnotes":"","_links_to":"","_links_to_target":""},"class_list":["post-3169","page","type-page","status-publish","hentry"],"_hostinger_reach_plugin_has_subscription_block":false,"_hostinger_reach_plugin_is_elementor":false,"_links":{"self":[{"href":"https:\/\/delavegalaw.com\/es\/wp-json\/wp\/v2\/pages\/3169","targetHints":{"allow":["GET"]}}],"collection":[{"href":"https:\/\/delavegalaw.com\/es\/wp-json\/wp\/v2\/pages"}],"about":[{"href":"https:\/\/delavegalaw.com\/es\/wp-json\/wp\/v2\/types\/page"}],"author":[{"embeddable":true,"href":"https:\/\/delavegalaw.com\/es\/wp-json\/wp\/v2\/users\/1"}],"replies":[{"embeddable":true,"href":"https:\/\/delavegalaw.com\/es\/wp-json\/wp\/v2\/comments?post=3169"}],"version-history":[{"count":41,"href":"https:\/\/delavegalaw.com\/es\/wp-json\/wp\/v2\/pages\/3169\/revisions"}],"predecessor-version":[{"id":3528,"href":"https:\/\/delavegalaw.com\/es\/wp-json\/wp\/v2\/pages\/3169\/revisions\/3528"}],"wp:attachment":[{"href":"https:\/\/delavegalaw.com\/es\/wp-json\/wp\/v2\/media?parent=3169"}],"curies":[{"name":"wp","href":"https:\/\/api.w.org\/{rel}","templated":true}]}}