{"id":1338,"date":"2026-01-20T19:06:11","date_gmt":"2026-01-20T19:06:11","guid":{"rendered":"https:\/\/delavegalaw.romatechno.com\/contact\/"},"modified":"2026-02-27T14:51:57","modified_gmt":"2026-02-27T14:51:57","slug":"new","status":"publish","type":"page","link":"https:\/\/delavegalaw.com\/es\/new\/","title":{"rendered":"Noticias"},"content":{"rendered":"<div data-elementor-type=\"wp-post\" data-elementor-id=\"1338\" class=\"elementor elementor-1338\">\n\t\t\t\t<div class=\"elementor-element elementor-element-635a2c0 e-flex e-con-boxed e-con e-parent\" data-id=\"635a2c0\" data-element_type=\"container\" data-settings=\"{&quot;background_background&quot;:&quot;classic&quot;}\">\n\t\t\t\t\t<div class=\"e-con-inner\">\n\t\t<div class=\"elementor-element elementor-element-ee17452 e-con-full e-flex e-con e-child\" data-id=\"ee17452\" data-element_type=\"container\">\n\t\t\t\t<div class=\"elementor-element elementor-element-2ecc9f4 elementor-widget elementor-widget-heading\" data-id=\"2ecc9f4\" data-element_type=\"widget\" data-widget_type=\"heading.default\">\n\t\t\t\t<div class=\"elementor-widget-container\">\n\t\t\t\t\t<h1 class=\"elementor-heading-title elementor-size-default\">Noticias de Inter\u00e9s<\/h1>\t\t\t\t<\/div>\n\t\t\t\t<\/div>\n\t\t\t\t<\/div>\n\t\t\t\t\t<\/div>\n\t\t\t\t<\/div>\n\t\t<div class=\"elementor-element elementor-element-5fcc567 e-flex e-con-boxed e-con e-parent\" data-id=\"5fcc567\" data-element_type=\"container\">\n\t\t\t\t\t<div class=\"e-con-inner\">\n\t\t\t\t<div class=\"elementor-element elementor-element-b2e111b elementor-widget__width-initial elementor-widget elementor-widget-heading\" data-id=\"b2e111b\" data-element_type=\"widget\" data-widget_type=\"heading.default\">\n\t\t\t\t<div class=\"elementor-widget-container\">\n\t\t\t\t\t<h1 class=\"elementor-heading-title elementor-size-default\">Noticias<\/h1>\t\t\t\t<\/div>\n\t\t\t\t<\/div>\n\t\t\t\t<div class=\"elementor-element elementor-element-e6e4633 elementor-widget elementor-widget-shortcode\" data-id=\"e6e4633\" data-element_type=\"widget\" data-widget_type=\"shortcode.default\">\n\t\t\t\t<div class=\"elementor-widget-container\">\n\t\t\t\t\t\t\t<div class=\"elementor-shortcode\"><div class=\"pt-cv-wrapper\"><div class=\"pt-cv-view pt-cv-grid pt-cv-colsys\" id=\"pt-cv-view-139115e60d\"><div data-id=\"pt-cv-page-1\" class=\"pt-cv-page\" data-cvc=\"1\"><div class=\"col-md-12 col-sm-12 col-xs-12 pt-cv-content-item pt-cv-2-col\" ><div class='pt-cv-ifield'><h4 class=\"pt-cv-title\"><a href=\"https:\/\/delavegalaw.com\/es\/crecimiento-poblacional-de-ee-uu-se-desacelera-por-caida-de-la-inmigracion\/\" class=\"_self\" target=\"_self\" >\u00a0Crecimiento poblacional de EE. UU. se desacelera por ca\u00edda de la inmigraci\u00f3n<\/a><\/h4>\n<div class=\"pt-cv-content\">Estados Unidos registr\u00f3 su crecimiento poblacional m\u00e1s lento desde 2021, impulsado principalmente por una disminuci\u00f3n de la inmigraci\u00f3n neta, seg\u00fan ...<br \/><div class=\"pt-cv-rmwrap\"><a href=\"https:\/\/delavegalaw.com\/es\/crecimiento-poblacional-de-ee-uu-se-desacelera-por-caida-de-la-inmigracion\/\" class=\"_self pt-cv-readmore btn btn-success\" target=\"_self\">Leer m\u00e1s<\/a><\/div><\/div><\/div><\/div>\n<div class=\"col-md-12 col-sm-12 col-xs-12 pt-cv-content-item pt-cv-2-col\" ><div class='pt-cv-ifield'><h4 class=\"pt-cv-title\"><a href=\"https:\/\/delavegalaw.com\/es\/tribunal-de-apelaciones-declara-ilegal-el-fin-del-tps-para-venezolanos\/\" class=\"_self\" target=\"_self\" >Tribunal de apelaciones declara ilegal el fin del TPS para venezolanos<\/a><\/h4>\n<div class=\"pt-cv-content\">Un tribunal federal de apelaciones determin\u00f3 que la administraci\u00f3n Trump actu\u00f3 de forma ilegal al poner fin al Estatus de Protecci\u00f3n Temporal (TPS) que permit\u00eda ...<br \/><div class=\"pt-cv-rmwrap\"><a href=\"https:\/\/delavegalaw.com\/es\/tribunal-de-apelaciones-declara-ilegal-el-fin-del-tps-para-venezolanos\/\" class=\"_self pt-cv-readmore btn btn-success\" target=\"_self\">Leer m\u00e1s<\/a><\/div><\/div><\/div><\/div>\n<div class=\"col-md-12 col-sm-12 col-xs-12 pt-cv-content-item pt-cv-2-col\" ><div class='pt-cv-ifield'><h4 class=\"pt-cv-title\"><a href=\"https:\/\/delavegalaw.com\/es\/jueza-bloquea-la-eliminacion-del-tps-para-haitianos-en-ee-uu\/\" class=\"_self\" target=\"_self\" >Jueza bloquea la eliminaci\u00f3n del TPS para haitianos en EE. UU.<\/a><\/h4>\n<div class=\"pt-cv-content\">Una jueza federal impidi\u00f3 que la administraci\u00f3n Trump pusiera fin a las protecciones migratorias otorgadas a aproximadamente 350.000 haitianos inscritos en el Estatus de Protecci\u00f3n Temporal ...<br \/><div class=\"pt-cv-rmwrap\"><a href=\"https:\/\/delavegalaw.com\/es\/jueza-bloquea-la-eliminacion-del-tps-para-haitianos-en-ee-uu\/\" class=\"_self pt-cv-readmore btn btn-success\" target=\"_self\">Leer m\u00e1s<\/a><\/div><\/div><\/div><\/div>\n<div class=\"col-md-12 col-sm-12 col-xs-12 pt-cv-content-item pt-cv-2-col\" ><div class='pt-cv-ifield'><h4 class=\"pt-cv-title\"><a href=\"https:\/\/delavegalaw.com\/es\/dhs-desplegara-camaras-corporales-para-agentes-migratorios-en-minneapolis\/\" class=\"_self\" target=\"_self\" >\u00a0DHS desplegar\u00e1 c\u00e1maras corporales para agentes migratorios en Minneapolis<\/a><\/h4>\n<div class=\"pt-cv-content\">La secretaria de Seguridad Nacional de Estados Unidos, Kristi Noem, anunci\u00f3 que los agentes de inmigraci\u00f3n que operan en Minneapolis comenzar\u00e1n a utilizar c\u00e1maras corporales, tras las demandas ...<br \/><div class=\"pt-cv-rmwrap\"><a href=\"https:\/\/delavegalaw.com\/es\/dhs-desplegara-camaras-corporales-para-agentes-migratorios-en-minneapolis\/\" class=\"_self pt-cv-readmore btn btn-success\" target=\"_self\">Leer m\u00e1s<\/a><\/div><\/div><\/div><\/div>\n<div class=\"col-md-12 col-sm-12 col-xs-12 pt-cv-content-item pt-cv-2-col\" ><div class='pt-cv-ifield'><h4 class=\"pt-cv-title\"><a href=\"https:\/\/delavegalaw.com\/es\/trump-ordena-no-intervenir-en-protestas-en-ciudades-democratas-sin-solicitud-local\/\" class=\"_self\" target=\"_self\" >Trump ordena no intervenir en protestas en ciudades dem\u00f3cratas sin solicitud local<\/a><\/h4>\n<div class=\"pt-cv-content\">El presidente de Estados Unidos, Donald Trump, afirm\u00f3 que instruy\u00f3 a la secretaria de Seguridad Nacional, Kristi Noem, a no intervenir en protestas que se desarrollen ...<br \/><div class=\"pt-cv-rmwrap\"><a href=\"https:\/\/delavegalaw.com\/es\/trump-ordena-no-intervenir-en-protestas-en-ciudades-democratas-sin-solicitud-local\/\" class=\"_self pt-cv-readmore btn btn-success\" target=\"_self\">Leer m\u00e1s<\/a><\/div><\/div><\/div><\/div><\/div><\/div><\/div><\/div>\n\t\t\t\t\t\t<\/div>\n\t\t\t\t<\/div>\n\t\t\t\t\t<\/div>\n\t\t\t\t<\/div>\n\t\t<div class=\"elementor-element elementor-element-b3ac068 e-flex e-con-boxed e-con e-parent\" data-id=\"b3ac068\" data-element_type=\"container\">\n\t\t\t\t\t<div class=\"e-con-inner\">\n\t\t\t\t<div class=\"elementor-element elementor-element-8e6b708 elementor-widget elementor-widget-heading\" data-id=\"8e6b708\" data-element_type=\"widget\" data-widget_type=\"heading.default\">\n\t\t\t\t<div class=\"elementor-widget-container\">\n\t\t\t\t\t<h2 class=\"elementor-heading-title elementor-size-default\"><a href=\"https:\/\/wa.me\/13054563474\">+1 (305) 456-3474<\/a><\/h2>\t\t\t\t<\/div>\n\t\t\t\t<\/div>\n\t\t\t\t<div class=\"elementor-element elementor-element-c6bbdd4 elementor-align-center elementor-widget__width-initial button-link elementor-widget-mobile__width-initial elementor-widget elementor-widget-button\" data-id=\"c6bbdd4\" data-element_type=\"widget\" data-widget_type=\"button.default\">\n\t\t\t\t<div class=\"elementor-widget-container\">\n\t\t\t\t\t\t\t\t\t<div class=\"elementor-button-wrapper\">\n\t\t\t\t\t<a class=\"elementor-button elementor-button-link elementor-size-sm\" href=\"https:\/\/www.mycase.com\/login\/\">\n\t\t\t\t\t\t<span class=\"elementor-button-content-wrapper\">\n\t\t\t\t\t\t\t\t\t<span class=\"elementor-button-text\"> CONSULTA TU CASO<\/span>\n\t\t\t\t\t<\/span>\n\t\t\t\t\t<\/a>\n\t\t\t\t<\/div>\n\t\t\t\t\t\t\t\t<\/div>\n\t\t\t\t<\/div>\n\t\t\t\t<div class=\"elementor-element elementor-element-40c4b9d elementor-align-center elementor-widget__width-initial boton-contact-us elementor-widget elementor-widget-button\" data-id=\"40c4b9d\" data-element_type=\"widget\" id=\"button-link\" data-widget_type=\"button.default\">\n\t\t\t\t<div class=\"elementor-widget-container\">\n\t\t\t\t\t\t\t\t\t<div class=\"elementor-button-wrapper\">\n\t\t\t\t\t<a class=\"elementor-button elementor-button-link elementor-size-sm\" href=\"#\">\n\t\t\t\t\t\t<span class=\"elementor-button-content-wrapper\">\n\t\t\t\t\t\t\t\t\t<span class=\"elementor-button-text\">Agenda una cita<\/span>\n\t\t\t\t\t<\/span>\n\t\t\t\t\t<\/a>\n\t\t\t\t<\/div>\n\t\t\t\t\t\t\t\t<\/div>\n\t\t\t\t<\/div>\n\t\t\t\t\t<\/div>\n\t\t\t\t<\/div>\n\t\t\t\t<\/div>","protected":false},"excerpt":{"rendered":"<p>News of Interest News: +1 (305) 456-3474 CHECK YOUR CASE Schedule Your Appointment<\/p>","protected":false},"author":1,"featured_media":0,"parent":0,"menu_order":0,"comment_status":"closed","ping_status":"closed","template":"","meta":{"site-sidebar-layout":"no-sidebar","site-content-layout":"page-builder","ast-site-content-layout":"default","site-content-style":"default","site-sidebar-style":"default","ast-global-header-display":"","ast-banner-title-visibility":"","ast-main-header-display":"","ast-hfb-above-header-display":"","ast-hfb-below-header-display":"","ast-hfb-mobile-header-display":"","site-post-title":"disabled","ast-breadcrumbs-content":"","ast-featured-img":"","footer-sml-layout":"","ast-disable-related-posts":"","theme-transparent-header-meta":"enabled","adv-header-id-meta":"","stick-header-meta":"","header-above-stick-meta":"","header-main-stick-meta":"","header-below-stick-meta":"","astra-migrate-meta-layouts":"default","ast-page-background-enabled":"default","ast-page-background-meta":{"desktop":{"background-color":"","background-image":"","background-repeat":"repeat","background-position":"center center","background-size":"auto","background-attachment":"scroll","background-type":"","background-media":"","overlay-type":"","overlay-color":"","overlay-opacity":"","overlay-gradient":""},"tablet":{"background-color":"","background-image":"","background-repeat":"repeat","background-position":"center center","background-size":"auto","background-attachment":"scroll","background-type":"","background-media":"","overlay-type":"","overlay-color":"","overlay-opacity":"","overlay-gradient":""},"mobile":{"background-color":"","background-image":"","background-repeat":"repeat","background-position":"center center","background-size":"auto","background-attachment":"scroll","background-type":"","background-media":"","overlay-type":"","overlay-color":"","overlay-opacity":"","overlay-gradient":""}},"ast-content-background-meta":{"desktop":{"background-color":"var(--ast-global-color-5)","background-image":"","background-repeat":"repeat","background-position":"center center","background-size":"auto","background-attachment":"scroll","background-type":"","background-media":"","overlay-type":"","overlay-color":"","overlay-opacity":"","overlay-gradient":""},"tablet":{"background-color":"var(--ast-global-color-5)","background-image":"","background-repeat":"repeat","background-position":"center center","background-size":"auto","background-attachment":"scroll","background-type":"","background-media":"","overlay-type":"","overlay-color":"","overlay-opacity":"","overlay-gradient":""},"mobile":{"background-color":"var(--ast-global-color-5)","background-image":"","background-repeat":"repeat","background-position":"center center","background-size":"auto","background-attachment":"scroll","background-type":"","background-media":"","overlay-type":"","overlay-color":"","overlay-opacity":"","overlay-gradient":""}},"footnotes":"","_links_to":"","_links_to_target":""},"class_list":["post-1338","page","type-page","status-publish","hentry"],"_hostinger_reach_plugin_has_subscription_block":false,"_hostinger_reach_plugin_is_elementor":false,"_links":{"self":[{"href":"https:\/\/delavegalaw.com\/es\/wp-json\/wp\/v2\/pages\/1338","targetHints":{"allow":["GET"]}}],"collection":[{"href":"https:\/\/delavegalaw.com\/es\/wp-json\/wp\/v2\/pages"}],"about":[{"href":"https:\/\/delavegalaw.com\/es\/wp-json\/wp\/v2\/types\/page"}],"author":[{"embeddable":true,"href":"https:\/\/delavegalaw.com\/es\/wp-json\/wp\/v2\/users\/1"}],"replies":[{"embeddable":true,"href":"https:\/\/delavegalaw.com\/es\/wp-json\/wp\/v2\/comments?post=1338"}],"version-history":[{"count":65,"href":"https:\/\/delavegalaw.com\/es\/wp-json\/wp\/v2\/pages\/1338\/revisions"}],"predecessor-version":[{"id":3525,"href":"https:\/\/delavegalaw.com\/es\/wp-json\/wp\/v2\/pages\/1338\/revisions\/3525"}],"wp:attachment":[{"href":"https:\/\/delavegalaw.com\/es\/wp-json\/wp\/v2\/media?parent=1338"}],"curies":[{"name":"wp","href":"https:\/\/api.w.org\/{rel}","templated":true}]}}