{"id":1337,"date":"2026-01-20T19:06:11","date_gmt":"2026-01-20T19:06:11","guid":{"rendered":"https:\/\/delavegalaw.romatechno.com\/faq\/"},"modified":"2026-02-27T14:48:36","modified_gmt":"2026-02-27T14:48:36","slug":"attorneys","status":"publish","type":"page","link":"https:\/\/delavegalaw.com\/es\/attorneys\/","title":{"rendered":"Abogados"},"content":{"rendered":"<div data-elementor-type=\"wp-post\" data-elementor-id=\"1337\" class=\"elementor elementor-1337\">\n\t\t\t\t<div class=\"elementor-element elementor-element-f721e0a e-flex e-con-boxed e-con e-parent\" data-id=\"f721e0a\" data-element_type=\"container\" data-settings=\"{&quot;background_background&quot;:&quot;classic&quot;}\">\n\t\t\t\t\t<div class=\"e-con-inner\">\n\t\t<div class=\"elementor-element elementor-element-11b45bc e-con-full e-flex e-con e-child\" data-id=\"11b45bc\" data-element_type=\"container\">\n\t\t\t\t<div class=\"elementor-element elementor-element-6c7ccf1 elementor-widget elementor-widget-heading\" data-id=\"6c7ccf1\" data-element_type=\"widget\" data-widget_type=\"heading.default\">\n\t\t\t\t<div class=\"elementor-widget-container\">\n\t\t\t\t\t<h1 class=\"elementor-heading-title elementor-size-default\">Abogados<\/h1>\t\t\t\t<\/div>\n\t\t\t\t<\/div>\n\t\t\t\t<\/div>\n\t\t\t\t\t<\/div>\n\t\t\t\t<\/div>\n\t\t<div class=\"elementor-element elementor-element-677f7e2 e-flex e-con-boxed e-con e-parent\" data-id=\"677f7e2\" data-element_type=\"container\" data-settings=\"{&quot;background_background&quot;:&quot;classic&quot;}\">\n\t\t\t\t\t<div class=\"e-con-inner\">\n\t\t\t\t<div class=\"elementor-element elementor-element-135b716 elementor-widget__width-initial elementor-widget-mobile__width-initial elementor-widget elementor-widget-image\" data-id=\"135b716\" data-element_type=\"widget\" data-widget_type=\"image.default\">\n\t\t\t\t<div class=\"elementor-widget-container\">\n\t\t\t\t\t\t\t\t\t\t\t\t\t\t\t<img fetchpriority=\"high\" decoding=\"async\" width=\"819\" height=\"1024\" src=\"https:\/\/delavegalaw.com\/wp-content\/uploads\/2026\/02\/JDLV-\uf027-John-de-la-Vega_-3-Photoroom-819x1024.png\" class=\"attachment-large size-large wp-image-3155\" alt=\"jdlv \uf027 john de la vega 3 photoroom\" srcset=\"https:\/\/delavegalaw.com\/wp-content\/uploads\/2026\/02\/JDLV-\uf027-John-de-la-Vega_-3-Photoroom-819x1024.png 819w, https:\/\/delavegalaw.com\/wp-content\/uploads\/2026\/02\/JDLV-\uf027-John-de-la-Vega_-3-Photoroom-240x300.png 240w, https:\/\/delavegalaw.com\/wp-content\/uploads\/2026\/02\/JDLV-\uf027-John-de-la-Vega_-3-Photoroom-768x960.png 768w, https:\/\/delavegalaw.com\/wp-content\/uploads\/2026\/02\/JDLV-\uf027-John-de-la-Vega_-3-Photoroom-10x12.png 10w, https:\/\/delavegalaw.com\/wp-content\/uploads\/2026\/02\/JDLV-\uf027-John-de-la-Vega_-3-Photoroom.png 864w\" sizes=\"(max-width: 819px) 100vw, 819px\" title=\"Abogados\">\t\t\t\t\t\t\t\t\t\t\t\t\t\t\t<\/div>\n\t\t\t\t<\/div>\n\t\t<div class=\"elementor-element elementor-element-1067ff3 e-con-full e-flex e-con e-child\" data-id=\"1067ff3\" data-element_type=\"container\">\n\t\t<div class=\"elementor-element elementor-element-c49e9a9 e-con-full e-flex e-con e-child\" data-id=\"c49e9a9\" data-element_type=\"container\">\n\t\t<div class=\"elementor-element elementor-element-d2c0f0a e-con-full e-flex e-con e-child\" data-id=\"d2c0f0a\" data-element_type=\"container\">\n\t\t<div class=\"elementor-element elementor-element-3d9e6d6 e-con-full e-flex e-con e-child\" data-id=\"3d9e6d6\" data-element_type=\"container\">\n\t\t\t\t<div class=\"elementor-element elementor-element-ff63c7a elementor-widget__width-auto elementor-widget-divider--view-line elementor-widget elementor-widget-divider\" data-id=\"ff63c7a\" data-element_type=\"widget\" data-widget_type=\"divider.default\">\n\t\t\t\t<div class=\"elementor-widget-container\">\n\t\t\t\t\t\t\t<div class=\"elementor-divider\">\n\t\t\t<span class=\"elementor-divider-separator\">\n\t\t\t\t\t\t<\/span>\n\t\t<\/div>\n\t\t\t\t\t\t<\/div>\n\t\t\t\t<\/div>\n\t\t\t\t<\/div>\n\t\t<div class=\"elementor-element elementor-element-182b2b2 e-con-full e-flex e-con e-child\" data-id=\"182b2b2\" data-element_type=\"container\">\n\t\t\t\t<div class=\"elementor-element elementor-element-96d65ce elementor-widget elementor-widget-heading\" data-id=\"96d65ce\" data-element_type=\"widget\" data-widget_type=\"heading.default\">\n\t\t\t\t<div class=\"elementor-widget-container\">\n\t\t\t\t\t<h5 class=\"elementor-heading-title elementor-size-default\">Nuestros Abogados<\/h5>\t\t\t\t<\/div>\n\t\t\t\t<\/div>\n\t\t\t\t<\/div>\n\t\t\t\t<\/div>\n\t\t\t\t<div class=\"elementor-element elementor-element-3a68647 elementor-widget elementor-widget-heading\" data-id=\"3a68647\" data-element_type=\"widget\" data-widget_type=\"heading.default\">\n\t\t\t\t<div class=\"elementor-widget-container\">\n\t\t\t\t\t<h2 class=\"elementor-heading-title elementor-size-default\">JOHN DE LA VEGA, ESQ.<\/h2>\t\t\t\t<\/div>\n\t\t\t\t<\/div>\n\t\t\t\t<div class=\"elementor-element elementor-element-3f30753 elementor-widget elementor-widget-heading\" data-id=\"3f30753\" data-element_type=\"widget\" data-widget_type=\"heading.default\">\n\t\t\t\t<div class=\"elementor-widget-container\">\n\t\t\t\t\t<h5 class=\"elementor-heading-title elementor-size-default\">Abogado de Inmigraci\u00f3n\n<\/h5>\t\t\t\t<\/div>\n\t\t\t\t<\/div>\n\t\t\t\t<div class=\"elementor-element elementor-element-4ef193c elementor-widget elementor-widget-text-editor\" data-id=\"4ef193c\" data-element_type=\"widget\" data-widget_type=\"text-editor.default\">\n\t\t\t\t<div class=\"elementor-widget-container\">\n\t\t\t\t\t\t\t\t\t<div class=\"elementor-element elementor-element-3d5d51c3 elementor-widget elementor-widget-text-editor\" data-id=\"3d5d51c3\" data-element_type=\"widget\" data-widget_type=\"text-editor.default\"><p><b>John De la Vega<\/b><span style=\"font-weight: 400;\">\u00a0es un abogado de inmigraci\u00f3n en Estados Unidos con m\u00e1s de 15 a\u00f1os de experiencia y m\u00e1s de 500 casos resueltos exitosamente. Veterano de las Fuerzas Armadas de EE. UU. y referencia legal en medios nacionales, lidera una pr\u00e1ctica enfocada en resultados, dedicada a proteger a individuos, familias y profesionales frente a la complejidad del sistema migratorio estadounidense.<\/span><\/p><p><span style=\"font-weight: 400;\">Con base en Florida, concentra su ejercicio en asilo, peticiones familiares, perdones (waivers) por inadmisibilidad, defensa en procesos de deportaci\u00f3n, audiencias de fianza para personas detenidas por ICE y representaci\u00f3n ante Cortes de Inmigraci\u00f3n. Su enfoque combina litigio estrat\u00e9gico, precisi\u00f3n procesal y una comprensi\u00f3n profunda del componente humano y legal que define cada caso.<\/span><\/p><p><span style=\"font-weight: 400;\">Nacido en Caracas, Venezuela, aporta una perspectiva bicultural que fortalece su defensa de la comunidad inmigrante. Graduado en Criminal Justice y Juris Doctor por Florida International University, aborda cada caso con disciplina, integridad y una convicci\u00f3n clara: los casos de inmigraci\u00f3n no son tr\u00e1mites, son vidas, familias, futuro y libertad.<\/span><\/p><\/div>\t\t\t\t\t\t\t\t<\/div>\n\t\t\t\t<\/div>\n\t\t\t\t<\/div>\n\t\t\t\t<\/div>\n\t\t\t\t\t<\/div>\n\t\t\t\t<\/div>\n\t\t<div class=\"elementor-element elementor-element-dfd5eea e-flex e-con-boxed e-con e-parent\" data-id=\"dfd5eea\" data-element_type=\"container\" data-settings=\"{&quot;background_background&quot;:&quot;classic&quot;}\">\n\t\t\t\t\t<div class=\"e-con-inner\">\n\t\t<div class=\"elementor-element elementor-element-25b65b6 e-con-full e-flex e-con e-child\" data-id=\"25b65b6\" data-element_type=\"container\">\n\t\t\t\t<div class=\"elementor-element elementor-element-518bcd2 elementor-widget elementor-widget-heading\" data-id=\"518bcd2\" data-element_type=\"widget\" data-widget_type=\"heading.default\">\n\t\t\t\t<div class=\"elementor-widget-container\">\n\t\t\t\t\t<h2 class=\"elementor-heading-title elementor-size-default\">+500<\/h2>\t\t\t\t<\/div>\n\t\t\t\t<\/div>\n\t\t\t\t<div class=\"elementor-element elementor-element-e0e5d46 elementor-widget elementor-widget-heading\" data-id=\"e0e5d46\" data-element_type=\"widget\" data-widget_type=\"heading.default\">\n\t\t\t\t<div class=\"elementor-widget-container\">\n\t\t\t\t\t<h1 class=\"elementor-heading-title elementor-size-default\">Casos de \u00c9xito<\/h1>\t\t\t\t<\/div>\n\t\t\t\t<\/div>\n\t\t\t\t<\/div>\n\t\t<div class=\"elementor-element elementor-element-67a87f7 e-con-full e-flex e-con e-child\" data-id=\"67a87f7\" data-element_type=\"container\">\n\t\t\t\t<div class=\"elementor-element elementor-element-ef48ffe elementor-widget elementor-widget-heading\" data-id=\"ef48ffe\" data-element_type=\"widget\" data-widget_type=\"heading.default\">\n\t\t\t\t<div class=\"elementor-widget-container\">\n\t\t\t\t\t<h2 class=\"elementor-heading-title elementor-size-default\">15<\/h2>\t\t\t\t<\/div>\n\t\t\t\t<\/div>\n\t\t\t\t<div class=\"elementor-element elementor-element-4eded23 elementor-widget elementor-widget-heading\" data-id=\"4eded23\" data-element_type=\"widget\" data-widget_type=\"heading.default\">\n\t\t\t\t<div class=\"elementor-widget-container\">\n\t\t\t\t\t<h1 class=\"elementor-heading-title elementor-size-default\">A\u00f1os de experiencia<\/h1>\t\t\t\t<\/div>\n\t\t\t\t<\/div>\n\t\t\t\t<\/div>\n\t\t\t\t\t<\/div>\n\t\t\t\t<\/div>\n\t\t<div class=\"elementor-element elementor-element-1b57fa8 e-flex e-con-boxed e-con e-parent\" data-id=\"1b57fa8\" data-element_type=\"container\" data-settings=\"{&quot;background_background&quot;:&quot;classic&quot;}\">\n\t\t\t\t\t<div class=\"e-con-inner\">\n\t\t<div class=\"elementor-element elementor-element-b10e4e5 e-con-full e-flex e-con e-child\" data-id=\"b10e4e5\" data-element_type=\"container\">\n\t\t\t\t<div class=\"elementor-element elementor-element-5886ba3 elementor-widget elementor-widget-image\" data-id=\"5886ba3\" data-element_type=\"widget\" data-widget_type=\"image.default\">\n\t\t\t\t<div class=\"elementor-widget-container\">\n\t\t\t\t\t\t\t\t\t\t\t\t\t\t\t<img decoding=\"async\" width=\"586\" height=\"732\" src=\"https:\/\/delavegalaw.com\/wp-content\/uploads\/2026\/02\/web-nuestros-abogados_foto-lupe.jpg\" class=\"attachment-large size-large wp-image-3125\" alt=\"web nuestros abogados foto lupe\" srcset=\"https:\/\/delavegalaw.com\/wp-content\/uploads\/2026\/02\/web-nuestros-abogados_foto-lupe.jpg 586w, https:\/\/delavegalaw.com\/wp-content\/uploads\/2026\/02\/web-nuestros-abogados_foto-lupe-240x300.jpg 240w, https:\/\/delavegalaw.com\/wp-content\/uploads\/2026\/02\/web-nuestros-abogados_foto-lupe-10x12.jpg 10w\" sizes=\"(max-width: 586px) 100vw, 586px\" title=\"Abogados\">\t\t\t\t\t\t\t\t\t\t\t\t\t\t\t<\/div>\n\t\t\t\t<\/div>\n\t\t<div class=\"elementor-element elementor-element-3a43c8d e-con-full e-flex e-con e-child\" data-id=\"3a43c8d\" data-element_type=\"container\">\n\t\t\t\t<div class=\"elementor-element elementor-element-becd003 elementor-widget elementor-widget-heading\" data-id=\"becd003\" data-element_type=\"widget\" data-widget_type=\"heading.default\">\n\t\t\t\t<div class=\"elementor-widget-container\">\n\t\t\t\t\t<h2 class=\"elementor-heading-title elementor-size-default\">Lupe Lafont, ESQ.<\/h2>\t\t\t\t<\/div>\n\t\t\t\t<\/div>\n\t\t\t\t<div class=\"elementor-element elementor-element-eb1c373 elementor-widget__width-initial elementor-widget elementor-widget-text-editor\" data-id=\"eb1c373\" data-element_type=\"widget\" data-widget_type=\"text-editor.default\">\n\t\t\t\t<div class=\"elementor-widget-container\">\n\t\t\t\t\t\t\t\t\t<div class=\"elementor-element elementor-element-3d5d51c3 elementor-widget elementor-widget-text-editor\" data-id=\"3d5d51c3\" data-element_type=\"widget\" data-widget_type=\"text-editor.default\"><p>La abogada Lafont representa a individuos y familias en procesos de inmigraci\u00f3n como peticiones familiares, visas K-1, procesos consulares, residencia permanente, ajustes por matrimonio, TPS, naturalizaci\u00f3n, DACA y casos de asilo ante USCIS y las Cortes de Inmigraci\u00f3n. Antes de unirse a la firma, ejerci\u00f3 durante cinco a\u00f1os como abogada independiente, gestionando casos completos y representando clientes ante autoridades migratorias.<br \/>Nacida en Venezuela y abogada graduada en la Universidad Santa Mar\u00eda, inici\u00f3 su formaci\u00f3n con experiencia judicial en tribunales penales. Posteriormente trabaj\u00f3 en el University of Miami Hospital como parte de un equipo quir\u00fargico, fortaleciendo habilidades clave como empat\u00eda, precisi\u00f3n y manejo de situaciones cr\u00edticas, cualidades que hoy aplica en su pr\u00e1ctica legal.<br \/>Licenciada en el estado de Louisiana y miembro activo de AILA y la American Bar Association, combina una defensa legal s\u00f3lida con un enfoque humano y personalizado. Su compromiso es guiar a cada cliente con claridad y respaldo estrat\u00e9gico durante todo su proceso migratorio en Estados Unidos.<\/p><\/div>\t\t\t\t\t\t\t\t<\/div>\n\t\t\t\t<\/div>\n\t\t\t\t<\/div>\n\t\t\t\t<\/div>\n\t\t<div class=\"elementor-element elementor-element-be3f946 e-con-full e-flex e-con e-child\" data-id=\"be3f946\" data-element_type=\"container\">\n\t\t\t\t<div class=\"elementor-element elementor-element-151b901 elementor-widget elementor-widget-image\" data-id=\"151b901\" data-element_type=\"widget\" data-widget_type=\"image.default\">\n\t\t\t\t<div class=\"elementor-widget-container\">\n\t\t\t\t\t\t\t\t\t\t\t\t\t\t\t<img decoding=\"async\" width=\"585\" height=\"732\" src=\"https:\/\/delavegalaw.com\/wp-content\/uploads\/2026\/02\/web-nuestros-abogados_foto-andees.jpg\" class=\"attachment-large size-large wp-image-3126\" alt=\"web nuestros abogados foto andees\" srcset=\"https:\/\/delavegalaw.com\/wp-content\/uploads\/2026\/02\/web-nuestros-abogados_foto-andees.jpg 585w, https:\/\/delavegalaw.com\/wp-content\/uploads\/2026\/02\/web-nuestros-abogados_foto-andees-240x300.jpg 240w, https:\/\/delavegalaw.com\/wp-content\/uploads\/2026\/02\/web-nuestros-abogados_foto-andees-10x12.jpg 10w\" sizes=\"(max-width: 585px) 100vw, 585px\" title=\"Abogados\">\t\t\t\t\t\t\t\t\t\t\t\t\t\t\t<\/div>\n\t\t\t\t<\/div>\n\t\t<div class=\"elementor-element elementor-element-fd60f07 e-con-full e-flex e-con e-child\" data-id=\"fd60f07\" data-element_type=\"container\">\n\t\t\t\t<div class=\"elementor-element elementor-element-6abcc15 elementor-widget elementor-widget-heading\" data-id=\"6abcc15\" data-element_type=\"widget\" data-widget_type=\"heading.default\">\n\t\t\t\t<div class=\"elementor-widget-container\">\n\t\t\t\t\t<h2 class=\"elementor-heading-title elementor-size-default\">Andres Rojas, ESQ.<\/h2>\t\t\t\t<\/div>\n\t\t\t\t<\/div>\n\t\t\t\t<div class=\"elementor-element elementor-element-bd5ccfa elementor-widget__width-initial elementor-widget elementor-widget-text-editor\" data-id=\"bd5ccfa\" data-element_type=\"widget\" data-widget_type=\"text-editor.default\">\n\t\t\t\t<div class=\"elementor-widget-container\">\n\t\t\t\t\t\t\t\t\t<div class=\"elementor-element elementor-element-3d5d51c3 elementor-widget elementor-widget-text-editor\" data-id=\"3d5d51c3\" data-element_type=\"widget\" data-widget_type=\"text-editor.default\"><p>Andr\u00e9s Rojas Ginnari es un abogado enfocado en inmigraci\u00f3n en los Estados Unidos, con m\u00e1s de siete a\u00f1os de experiencia asesorando a individuos, profesionales y empresas en asuntos legales complejos. Obtuvo su t\u00edtulo de abogado (LL.B.) en la Universidad Cat\u00f3lica Andr\u00e9s Bello en Caracas, Venezuela, y posteriormente complet\u00f3 un LL.M. (Maestr\u00eda en Derecho) en Florida International University, combinando una s\u00f3lida formaci\u00f3n acad\u00e9mica con un enfoque pr\u00e1ctico y orientado a resultados.<\/p><p>Nacido y criado en Caracas, Venezuela, Andr\u00e9s aporta una profunda comprensi\u00f3n de las realidades legales, culturales y pol\u00edticas que enfrentan los inmigrantes al navegar el sistema legal estadounidense. Su trayectoria le permite abordar cada caso con una perspectiva reflexiva y estrat\u00e9gica, equilibrando la precisi\u00f3n t\u00e9cnica con un enfoque claro en el impacto humano de cada situaci\u00f3n.<\/p><p>Andr\u00e9s ofrece una valiosa visi\u00f3n transfronteriza y la capacidad de desenvolverse eficazmente en m\u00faltiples sistemas jur\u00eddicos. Es reconocido por su preparaci\u00f3n meticulosa, comunicaci\u00f3n clara y compromiso en guiar a sus clientes a trav\u00e9s de procesos migratorios complejos con profesionalismo, integridad y criterio s\u00f3lido.<\/p><\/div>\t\t\t\t\t\t\t\t<\/div>\n\t\t\t\t<\/div>\n\t\t\t\t<\/div>\n\t\t\t\t<\/div>\n\t\t\t\t\t<\/div>\n\t\t\t\t<\/div>\n\t\t<div class=\"elementor-element elementor-element-958fe9c e-flex e-con-boxed e-con e-parent\" data-id=\"958fe9c\" data-element_type=\"container\">\n\t\t\t\t\t<div class=\"e-con-inner\">\n\t\t\t\t<div class=\"elementor-element elementor-element-f19105b elementor-widget-divider--view-line elementor-widget elementor-widget-divider\" data-id=\"f19105b\" data-element_type=\"widget\" data-widget_type=\"divider.default\">\n\t\t\t\t<div class=\"elementor-widget-container\">\n\t\t\t\t\t\t\t<div class=\"elementor-divider\">\n\t\t\t<span class=\"elementor-divider-separator\">\n\t\t\t\t\t\t<\/span>\n\t\t<\/div>\n\t\t\t\t\t\t<\/div>\n\t\t\t\t<\/div>\n\t\t<div class=\"elementor-element elementor-element-d2868df e-con-full e-flex e-con e-child\" data-id=\"d2868df\" data-element_type=\"container\">\n\t\t\t\t<\/div>\n\t\t\t\t\t<\/div>\n\t\t\t\t<\/div>\n\t\t<div class=\"elementor-element elementor-element-f0b6a63 e-flex e-con-boxed e-con e-parent\" data-id=\"f0b6a63\" data-element_type=\"container\" data-settings=\"{&quot;background_background&quot;:&quot;classic&quot;}\">\n\t\t\t\t\t<div class=\"e-con-inner\">\n\t\t<div class=\"elementor-element elementor-element-13fe31b e-con-full e-flex e-con e-child\" data-id=\"13fe31b\" data-element_type=\"container\">\n\t\t\t\t<div class=\"elementor-element elementor-element-c55e144 elementor-widget elementor-widget-heading\" data-id=\"c55e144\" data-element_type=\"widget\" data-widget_type=\"heading.default\">\n\t\t\t\t<div class=\"elementor-widget-container\">\n\t\t\t\t\t<h2 class=\"elementor-heading-title elementor-size-default\"><a href=\"https:\/\/wa.me\/13054563474\">+1 (305) 456-3474<\/a><\/h2>\t\t\t\t<\/div>\n\t\t\t\t<\/div>\n\t\t\t\t<div class=\"elementor-element elementor-element-201ed55 elementor-align-center elementor-widget__width-initial button-link elementor-widget-mobile__width-initial elementor-widget elementor-widget-button\" data-id=\"201ed55\" data-element_type=\"widget\" data-widget_type=\"button.default\">\n\t\t\t\t<div class=\"elementor-widget-container\">\n\t\t\t\t\t\t\t\t\t<div class=\"elementor-button-wrapper\">\n\t\t\t\t\t<a class=\"elementor-button elementor-button-link elementor-size-sm\" href=\"https:\/\/www.mycase.com\/login\/\">\n\t\t\t\t\t\t<span class=\"elementor-button-content-wrapper\">\n\t\t\t\t\t\t\t\t\t<span class=\"elementor-button-text\"> CONSULTA TU CASO<\/span>\n\t\t\t\t\t<\/span>\n\t\t\t\t\t<\/a>\n\t\t\t\t<\/div>\n\t\t\t\t\t\t\t\t<\/div>\n\t\t\t\t<\/div>\n\t\t\t\t<div class=\"elementor-element elementor-element-06f7ffa elementor-align-center elementor-widget__width-initial boton-contact-us elementor-widget elementor-widget-button\" data-id=\"06f7ffa\" data-element_type=\"widget\" id=\"button-link\" data-widget_type=\"button.default\">\n\t\t\t\t<div class=\"elementor-widget-container\">\n\t\t\t\t\t\t\t\t\t<div class=\"elementor-button-wrapper\">\n\t\t\t\t\t<a class=\"elementor-button elementor-button-link elementor-size-sm\" href=\"#\">\n\t\t\t\t\t\t<span class=\"elementor-button-content-wrapper\">\n\t\t\t\t\t\t\t\t\t<span class=\"elementor-button-text\">Agenda una cita<\/span>\n\t\t\t\t\t<\/span>\n\t\t\t\t\t<\/a>\n\t\t\t\t<\/div>\n\t\t\t\t\t\t\t\t<\/div>\n\t\t\t\t<\/div>\n\t\t\t\t<\/div>\n\t\t\t\t\t<\/div>\n\t\t\t\t<\/div>\n\t\t\t\t<\/div>","protected":false},"excerpt":{"rendered":"<p>Attorneys Our Attorneys JOHN DE LA VEGA, ESQ. Immigration Attorney John De la Vega\u00a0is a highly respected U.S. immigration attorney with over 15 years of experience and more than 500 successfully resolved cases. A U.S. military veteran and recognized legal voice in national media, he leads a results-focused practice dedicated to protecting individuals, families, and [&hellip;]<\/p>","protected":false},"author":1,"featured_media":0,"parent":0,"menu_order":0,"comment_status":"closed","ping_status":"closed","template":"","meta":{"site-sidebar-layout":"no-sidebar","site-content-layout":"page-builder","ast-site-content-layout":"default","site-content-style":"default","site-sidebar-style":"default","ast-global-header-display":"","ast-banner-title-visibility":"","ast-main-header-display":"","ast-hfb-above-header-display":"","ast-hfb-below-header-display":"","ast-hfb-mobile-header-display":"","site-post-title":"disabled","ast-breadcrumbs-content":"","ast-featured-img":"","footer-sml-layout":"","ast-disable-related-posts":"","theme-transparent-header-meta":"enabled","adv-header-id-meta":"","stick-header-meta":"","header-above-stick-meta":"","header-main-stick-meta":"","header-below-stick-meta":"","astra-migrate-meta-layouts":"default","ast-page-background-enabled":"default","ast-page-background-meta":{"desktop":{"background-color":"","background-image":"","background-repeat":"repeat","background-position":"center center","background-size":"auto","background-attachment":"scroll","background-type":"","background-media":"","overlay-type":"","overlay-color":"","overlay-opacity":"","overlay-gradient":""},"tablet":{"background-color":"","background-image":"","background-repeat":"repeat","background-position":"center center","background-size":"auto","background-attachment":"scroll","background-type":"","background-media":"","overlay-type":"","overlay-color":"","overlay-opacity":"","overlay-gradient":""},"mobile":{"background-color":"","background-image":"","background-repeat":"repeat","background-position":"center center","background-size":"auto","background-attachment":"scroll","background-type":"","background-media":"","overlay-type":"","overlay-color":"","overlay-opacity":"","overlay-gradient":""}},"ast-content-background-meta":{"desktop":{"background-color":"var(--ast-global-color-5)","background-image":"","background-repeat":"repeat","background-position":"center center","background-size":"auto","background-attachment":"scroll","background-type":"","background-media":"","overlay-type":"","overlay-color":"","overlay-opacity":"","overlay-gradient":""},"tablet":{"background-color":"var(--ast-global-color-5)","background-image":"","background-repeat":"repeat","background-position":"center center","background-size":"auto","background-attachment":"scroll","background-type":"","background-media":"","overlay-type":"","overlay-color":"","overlay-opacity":"","overlay-gradient":""},"mobile":{"background-color":"var(--ast-global-color-5)","background-image":"","background-repeat":"repeat","background-position":"center center","background-size":"auto","background-attachment":"scroll","background-type":"","background-media":"","overlay-type":"","overlay-color":"","overlay-opacity":"","overlay-gradient":""}},"footnotes":"","_links_to":"","_links_to_target":""},"class_list":["post-1337","page","type-page","status-publish","hentry"],"_hostinger_reach_plugin_has_subscription_block":false,"_hostinger_reach_plugin_is_elementor":false,"_links":{"self":[{"href":"https:\/\/delavegalaw.com\/es\/wp-json\/wp\/v2\/pages\/1337","targetHints":{"allow":["GET"]}}],"collection":[{"href":"https:\/\/delavegalaw.com\/es\/wp-json\/wp\/v2\/pages"}],"about":[{"href":"https:\/\/delavegalaw.com\/es\/wp-json\/wp\/v2\/types\/page"}],"author":[{"embeddable":true,"href":"https:\/\/delavegalaw.com\/es\/wp-json\/wp\/v2\/users\/1"}],"replies":[{"embeddable":true,"href":"https:\/\/delavegalaw.com\/es\/wp-json\/wp\/v2\/comments?post=1337"}],"version-history":[{"count":76,"href":"https:\/\/delavegalaw.com\/es\/wp-json\/wp\/v2\/pages\/1337\/revisions"}],"predecessor-version":[{"id":3516,"href":"https:\/\/delavegalaw.com\/es\/wp-json\/wp\/v2\/pages\/1337\/revisions\/3516"}],"wp:attachment":[{"href":"https:\/\/delavegalaw.com\/es\/wp-json\/wp\/v2\/media?parent=1337"}],"curies":[{"name":"wp","href":"https:\/\/api.w.org\/{rel}","templated":true}]}}