{"id":1335,"date":"2026-01-20T19:06:11","date_gmt":"2026-01-20T19:06:11","guid":{"rendered":"https:\/\/delavegalaw.romatechno.com\/about\/"},"modified":"2026-03-03T13:42:01","modified_gmt":"2026-03-03T13:42:01","slug":"about","status":"publish","type":"page","link":"https:\/\/delavegalaw.com\/es\/about\/","title":{"rendered":"About"},"content":{"rendered":"<div data-elementor-type=\"wp-post\" data-elementor-id=\"1335\" class=\"elementor elementor-1335\">\n\t\t\t\t<div class=\"elementor-element elementor-element-dac0d00 e-flex e-con-boxed e-con e-parent\" data-id=\"dac0d00\" data-element_type=\"container\" data-settings=\"{&quot;background_background&quot;:&quot;classic&quot;}\">\n\t\t\t\t\t<div class=\"e-con-inner\">\n\t\t<div class=\"elementor-element elementor-element-bfb77f4 e-con-full e-flex e-con e-child\" data-id=\"bfb77f4\" data-element_type=\"container\">\n\t\t\t\t<div class=\"elementor-element elementor-element-01f162c elementor-widget elementor-widget-heading\" data-id=\"01f162c\" data-element_type=\"widget\" data-widget_type=\"heading.default\">\n\t\t\t\t<div class=\"elementor-widget-container\">\n\t\t\t\t\t<h1 class=\"elementor-heading-title elementor-size-default\">Nosotros<\/h1>\t\t\t\t<\/div>\n\t\t\t\t<\/div>\n\t\t\t\t<\/div>\n\t\t\t\t\t<\/div>\n\t\t\t\t<\/div>\n\t\t<div class=\"elementor-element elementor-element-05269f9 e-flex e-con-boxed e-con e-parent\" data-id=\"05269f9\" data-element_type=\"container\" data-settings=\"{&quot;background_background&quot;:&quot;classic&quot;}\">\n\t\t\t\t\t<div class=\"e-con-inner\">\n\t\t<div class=\"elementor-element elementor-element-125e5b1 e-con-full e-flex e-con e-child\" data-id=\"125e5b1\" data-element_type=\"container\">\n\t\t\t\t<div class=\"elementor-element elementor-element-03c92ef elementor-widget__width-initial elementor-widget elementor-widget-image\" data-id=\"03c92ef\" data-element_type=\"widget\" data-widget_type=\"image.default\">\n\t\t\t\t<div class=\"elementor-widget-container\">\n\t\t\t\t\t\t\t\t\t\t\t\t\t\t\t<img decoding=\"async\" width=\"106\" height=\"76\" src=\"https:\/\/delavegalaw.com\/wp-content\/uploads\/2026\/02\/web-about-us-_EXPERIENCIA.png\" class=\"attachment-large size-large wp-image-3450\" alt=\"web about us experiencia\" srcset=\"https:\/\/delavegalaw.com\/wp-content\/uploads\/2026\/02\/web-about-us-_EXPERIENCIA.png 106w, https:\/\/delavegalaw.com\/wp-content\/uploads\/2026\/02\/web-about-us-_EXPERIENCIA-18x12.png 18w\" sizes=\"(max-width: 106px) 100vw, 106px\" title=\"About\">\t\t\t\t\t\t\t\t\t\t\t\t\t\t\t<\/div>\n\t\t\t\t<\/div>\n\t\t\t\t<div class=\"elementor-element elementor-element-061dea7 elementor-widget elementor-widget-heading\" data-id=\"061dea7\" data-element_type=\"widget\" data-widget_type=\"heading.default\">\n\t\t\t\t<div class=\"elementor-widget-container\">\n\t\t\t\t\t<h5 class=\"elementor-heading-title elementor-size-default\">Experiencia y dominio t\u00e9cnico<\/h5>\t\t\t\t<\/div>\n\t\t\t\t<\/div>\n\t\t\t\t<div class=\"elementor-element elementor-element-7f6244f elementor-widget elementor-widget-text-editor\" data-id=\"7f6244f\" data-element_type=\"widget\" data-widget_type=\"text-editor.default\">\n\t\t\t\t<div class=\"elementor-widget-container\">\n\t\t\t\t\t\t\t\t\t<p>Desde 2018 hemos desarrollado una pr\u00e1ctica especializada en derecho\nmigratorio, preparando y presentando estrat\u00e9gicamente cada solicitud\nconforme a las circunstancias particulares de nuestros clientes.<br \/>Nuestra experiencia ante oficiales y jueces de inmigraci\u00f3n nos permite\nestructurar casos s\u00f3lidos, bien documentados y alineados con los\nrequisitos legales del beneficio solicitado.<\/p>\t\t\t\t\t\t\t\t<\/div>\n\t\t\t\t<\/div>\n\t\t\t\t<\/div>\n\t\t<div class=\"elementor-element elementor-element-63de7ea e-con-full e-flex e-con e-child\" data-id=\"63de7ea\" data-element_type=\"container\">\n\t\t\t\t<div class=\"elementor-element elementor-element-34362cf elementor-widget__width-initial elementor-widget elementor-widget-image\" data-id=\"34362cf\" data-element_type=\"widget\" data-widget_type=\"image.default\">\n\t\t\t\t<div class=\"elementor-widget-container\">\n\t\t\t\t\t\t\t\t\t\t\t\t\t\t\t<img decoding=\"async\" width=\"93\" height=\"92\" src=\"https:\/\/delavegalaw.com\/wp-content\/uploads\/2026\/02\/web-about-us-_CASOS.png\" class=\"attachment-large size-large wp-image-3449\" alt=\"web about us casos\" srcset=\"https:\/\/delavegalaw.com\/wp-content\/uploads\/2026\/02\/web-about-us-_CASOS.png 93w, https:\/\/delavegalaw.com\/wp-content\/uploads\/2026\/02\/web-about-us-_CASOS-12x12.png 12w\" sizes=\"(max-width: 93px) 100vw, 93px\" title=\"About\">\t\t\t\t\t\t\t\t\t\t\t\t\t\t\t<\/div>\n\t\t\t\t<\/div>\n\t\t\t\t<div class=\"elementor-element elementor-element-2091734 elementor-widget elementor-widget-heading\" data-id=\"2091734\" data-element_type=\"widget\" data-widget_type=\"heading.default\">\n\t\t\t\t<div class=\"elementor-widget-container\">\n\t\t\t\t\t<h5 class=\"elementor-heading-title elementor-size-default\">M\u00e1s de 4,000 casos representados<\/h5>\t\t\t\t<\/div>\n\t\t\t\t<\/div>\n\t\t\t\t<div class=\"elementor-element elementor-element-b3c83fe elementor-widget elementor-widget-text-editor\" data-id=\"b3c83fe\" data-element_type=\"widget\" data-widget_type=\"text-editor.default\">\n\t\t\t\t<div class=\"elementor-widget-container\">\n\t\t\t\t\t\t\t\t\t<p>Hemos defendido m\u00e1s de 4,000 casos en distintos procesos migratorios. Esta trayectoria nos permite entender los desaf\u00edos reales que enfrentan familias y profesionales inmigrantes, ofreciendo soluciones legales estructuradas, responsables y estrat\u00e9gicas.<\/p>\t\t\t\t\t\t\t\t<\/div>\n\t\t\t\t<\/div>\n\t\t\t\t<\/div>\n\t\t<div class=\"elementor-element elementor-element-814902b e-con-full e-flex e-con e-child\" data-id=\"814902b\" data-element_type=\"container\">\n\t\t\t\t<div class=\"elementor-element elementor-element-6901cb8 elementor-widget__width-initial elementor-widget elementor-widget-image\" data-id=\"6901cb8\" data-element_type=\"widget\" data-widget_type=\"image.default\">\n\t\t\t\t<div class=\"elementor-widget-container\">\n\t\t\t\t\t\t\t\t\t\t\t\t\t\t\t<img decoding=\"async\" width=\"105\" height=\"106\" src=\"https:\/\/delavegalaw.com\/wp-content\/uploads\/2026\/02\/web-about-us-_ATENCION.png\" class=\"attachment-large size-large wp-image-3448\" alt=\"web about us atencion\" srcset=\"https:\/\/delavegalaw.com\/wp-content\/uploads\/2026\/02\/web-about-us-_ATENCION.png 105w, https:\/\/delavegalaw.com\/wp-content\/uploads\/2026\/02\/web-about-us-_ATENCION-12x12.png 12w\" sizes=\"(max-width: 105px) 100vw, 105px\" title=\"About\">\t\t\t\t\t\t\t\t\t\t\t\t\t\t\t<\/div>\n\t\t\t\t<\/div>\n\t\t\t\t<div class=\"elementor-element elementor-element-27bf1b0 elementor-widget elementor-widget-heading\" data-id=\"27bf1b0\" data-element_type=\"widget\" data-widget_type=\"heading.default\">\n\t\t\t\t<div class=\"elementor-widget-container\">\n\t\t\t\t\t<h5 class=\"elementor-heading-title elementor-size-default\">Enfoque humano y personalizado<\/h5>\t\t\t\t<\/div>\n\t\t\t\t<\/div>\n\t\t\t\t<div class=\"elementor-element elementor-element-6d74d0d elementor-widget elementor-widget-text-editor\" data-id=\"6d74d0d\" data-element_type=\"widget\" data-widget_type=\"text-editor.default\">\n\t\t\t\t<div class=\"elementor-widget-container\">\n\t\t\t\t\t\t\t\t\t<p>Nos diferenciamos por nuestra atenci\u00f3n cercana y personalizada. Tratamos a cada cliente como una persona con derechos y responsabilidades, brindando claridad en cada etapa del proceso y acompa\u00f1amiento continuo hasta alcanzar estabilidad migratoria.<\/p>\t\t\t\t\t\t\t\t<\/div>\n\t\t\t\t<\/div>\n\t\t\t\t<\/div>\n\t\t\t\t\t<\/div>\n\t\t\t\t<\/div>\n\t\t<div class=\"elementor-element elementor-element-fa51811 e-flex e-con-boxed e-con e-parent\" data-id=\"fa51811\" data-element_type=\"container\" data-settings=\"{&quot;background_background&quot;:&quot;classic&quot;}\">\n\t\t\t\t\t<div class=\"e-con-inner\">\n\t\t<div class=\"elementor-element elementor-element-0d44a3a e-con-full e-flex e-con e-child\" data-id=\"0d44a3a\" data-element_type=\"container\">\n\t\t<div class=\"elementor-element elementor-element-88d8c26 e-flex e-con-boxed e-con e-child\" data-id=\"88d8c26\" data-element_type=\"container\">\n\t\t\t\t\t<div class=\"e-con-inner\">\n\t\t<div class=\"elementor-element elementor-element-14cbce8 e-con-full e-flex e-con e-child\" data-id=\"14cbce8\" data-element_type=\"container\">\n\t\t\t\t<div class=\"elementor-element elementor-element-9a5930d elementor-widget__width-auto elementor-widget-divider--view-line elementor-widget elementor-widget-divider\" data-id=\"9a5930d\" data-element_type=\"widget\" data-widget_type=\"divider.default\">\n\t\t\t\t<div class=\"elementor-widget-container\">\n\t\t\t\t\t\t\t<div class=\"elementor-divider\">\n\t\t\t<span class=\"elementor-divider-separator\">\n\t\t\t\t\t\t<\/span>\n\t\t<\/div>\n\t\t\t\t\t\t<\/div>\n\t\t\t\t<\/div>\n\t\t\t\t<\/div>\n\t\t<div class=\"elementor-element elementor-element-734a435 e-con-full e-flex e-con e-child\" data-id=\"734a435\" data-element_type=\"container\">\n\t\t\t\t<div class=\"elementor-element elementor-element-56b0e58 elementor-widget elementor-widget-heading\" data-id=\"56b0e58\" data-element_type=\"widget\" data-widget_type=\"heading.default\">\n\t\t\t\t<div class=\"elementor-widget-container\">\n\t\t\t\t\t<p class=\"elementor-heading-title elementor-size-default\">Abogado de derecho de familia profesional y experimentado<\/p>\t\t\t\t<\/div>\n\t\t\t\t<\/div>\n\t\t\t\t<\/div>\n\t\t\t\t\t<\/div>\n\t\t\t\t<\/div>\n\t\t\t\t<div class=\"elementor-element elementor-element-4519751 elementor-widget elementor-widget-heading\" data-id=\"4519751\" data-element_type=\"widget\" data-widget_type=\"heading.default\">\n\t\t\t\t<div class=\"elementor-widget-container\">\n\t\t\t\t\t<h2 class=\"elementor-heading-title elementor-size-default\">Sobre De La Vega Law\n<\/h2>\t\t\t\t<\/div>\n\t\t\t\t<\/div>\n\t\t\t\t<div class=\"elementor-element elementor-element-f14d19c elementor-widget elementor-widget-text-editor\" data-id=\"f14d19c\" data-element_type=\"widget\" data-widget_type=\"text-editor.default\">\n\t\t\t\t<div class=\"elementor-widget-container\">\n\t\t\t\t\t\t\t\t\t<p><span style=\"font-weight: 400;\">En <\/span><b>De La Vega Law<\/b><span style=\"font-weight: 400;\">&nbsp;creemos que la estabilidad migratoria transforma vidas. Nuestra filosof\u00eda se centra en ayudar a las personas a alcanzar seguridad y oportunidades en los Estados Unidos a trav\u00e9s de los canales legales establecidos y con estricto apego a la ley.<\/span><\/p><p><span style=\"font-weight: 400;\">Fundada en 2018, la firma ha representado a m\u00e1s de 4,000 clientes en diversos procesos migratorios, construyendo casos s\u00f3lidos y estrat\u00e9gicos ante oficiales de inmigraci\u00f3n y jueces.<\/span><\/p><p><span style=\"font-weight: 400;\">Cada caso es estructurado con rigor t\u00e9cnico, planificaci\u00f3n estrat\u00e9gica y un enfoque humano. Para nosotros, cada cliente es una persona con derechos y responsabilidades, no un n\u00famero m\u00e1s en un expediente.<\/span><\/p><p><span style=\"font-weight: 400;\">Nuestros clientes describen su experiencia con palabras como excelencia, calidad humana y profundo conocimiento jur\u00eddico.<\/span><\/p>\t\t\t\t\t\t\t\t<\/div>\n\t\t\t\t<\/div>\n\t\t\t\t<div class=\"elementor-element elementor-element-19fae35 elementor-widget-divider--view-line elementor-widget elementor-widget-divider\" data-id=\"19fae35\" data-element_type=\"widget\" data-widget_type=\"divider.default\">\n\t\t\t\t<div class=\"elementor-widget-container\">\n\t\t\t\t\t\t\t<div class=\"elementor-divider\">\n\t\t\t<span class=\"elementor-divider-separator\">\n\t\t\t\t\t\t<\/span>\n\t\t<\/div>\n\t\t\t\t\t\t<\/div>\n\t\t\t\t<\/div>\n\t\t\t\t<\/div>\n\t\t<div class=\"elementor-element elementor-element-c8deb11 e-con-full e-flex e-con e-child\" data-id=\"c8deb11\" data-element_type=\"container\" data-settings=\"{&quot;background_background&quot;:&quot;gradient&quot;}\">\n\t\t\t\t<div class=\"elementor-element elementor-element-e8aef4f elementor-widget elementor-widget-image\" data-id=\"e8aef4f\" data-element_type=\"widget\" data-widget_type=\"image.default\">\n\t\t\t\t<div class=\"elementor-widget-container\">\n\t\t\t\t\t\t\t\t\t\t\t\t\t\t\t<img loading=\"lazy\" decoding=\"async\" width=\"1440\" height=\"2560\" src=\"https:\/\/delavegalaw.com\/wp-content\/uploads\/2026\/03\/IMG_6527.jpg-scaled.jpeg\" class=\"attachment-full size-full wp-image-3607\" alt=\"img 6527.jpg\" srcset=\"https:\/\/delavegalaw.com\/wp-content\/uploads\/2026\/03\/IMG_6527.jpg-scaled.jpeg 1440w, https:\/\/delavegalaw.com\/wp-content\/uploads\/2026\/03\/IMG_6527.jpg-169x300.jpeg 169w, https:\/\/delavegalaw.com\/wp-content\/uploads\/2026\/03\/IMG_6527.jpg-576x1024.jpeg 576w, https:\/\/delavegalaw.com\/wp-content\/uploads\/2026\/03\/IMG_6527.jpg-768x1365.jpeg 768w, https:\/\/delavegalaw.com\/wp-content\/uploads\/2026\/03\/IMG_6527.jpg-864x1536.jpeg 864w, https:\/\/delavegalaw.com\/wp-content\/uploads\/2026\/03\/IMG_6527.jpg-1152x2048.jpeg 1152w, https:\/\/delavegalaw.com\/wp-content\/uploads\/2026\/03\/IMG_6527.jpg-7x12.jpeg 7w\" sizes=\"(max-width: 1440px) 100vw, 1440px\" title=\"About\">\t\t\t\t\t\t\t\t\t\t\t\t\t\t\t<\/div>\n\t\t\t\t<\/div>\n\t\t\t\t<\/div>\n\t\t\t\t\t<\/div>\n\t\t\t\t<\/div>\n\t\t<div class=\"elementor-element elementor-element-3bdcf8c e-flex e-con-boxed e-con e-parent\" data-id=\"3bdcf8c\" data-element_type=\"container\" data-settings=\"{&quot;background_background&quot;:&quot;classic&quot;}\">\n\t\t\t\t\t<div class=\"e-con-inner\">\n\t\t<div class=\"elementor-element elementor-element-7ec0149 e-con-full e-flex e-con e-child\" data-id=\"7ec0149\" data-element_type=\"container\">\n\t\t\t\t<div class=\"elementor-element elementor-element-e9c5ce5 elementor-widget elementor-widget-heading\" data-id=\"e9c5ce5\" data-element_type=\"widget\" data-widget_type=\"heading.default\">\n\t\t\t\t<div class=\"elementor-widget-container\">\n\t\t\t\t\t<h2 class=\"elementor-heading-title elementor-size-default\"><a href=\"https:\/\/wa.me\/13054563474\">+1 (305) 456-3474<\/a><\/h2>\t\t\t\t<\/div>\n\t\t\t\t<\/div>\n\t\t\t\t<div class=\"elementor-element elementor-element-ea0c238 elementor-align-center elementor-widget__width-initial button-link elementor-widget-mobile__width-initial elementor-widget elementor-widget-button\" data-id=\"ea0c238\" data-element_type=\"widget\" data-widget_type=\"button.default\">\n\t\t\t\t<div class=\"elementor-widget-container\">\n\t\t\t\t\t\t\t\t\t<div class=\"elementor-button-wrapper\">\n\t\t\t\t\t<a class=\"elementor-button elementor-button-link elementor-size-sm\" href=\"https:\/\/www.mycase.com\/login\/\">\n\t\t\t\t\t\t<span class=\"elementor-button-content-wrapper\">\n\t\t\t\t\t\t\t\t\t<span class=\"elementor-button-text\"> CONSULTA TU CASO<\/span>\n\t\t\t\t\t<\/span>\n\t\t\t\t\t<\/a>\n\t\t\t\t<\/div>\n\t\t\t\t\t\t\t\t<\/div>\n\t\t\t\t<\/div>\n\t\t\t\t<div class=\"elementor-element elementor-element-e9df9cf elementor-align-center elementor-widget__width-initial boton-contact-us elementor-widget elementor-widget-button\" data-id=\"e9df9cf\" data-element_type=\"widget\" id=\"button-link\" data-widget_type=\"button.default\">\n\t\t\t\t<div class=\"elementor-widget-container\">\n\t\t\t\t\t\t\t\t\t<div class=\"elementor-button-wrapper\">\n\t\t\t\t\t<a class=\"elementor-button elementor-button-link elementor-size-sm\" href=\"#\">\n\t\t\t\t\t\t<span class=\"elementor-button-content-wrapper\">\n\t\t\t\t\t\t\t\t\t<span class=\"elementor-button-text\">Agenda una cita<\/span>\n\t\t\t\t\t<\/span>\n\t\t\t\t\t<\/a>\n\t\t\t\t<\/div>\n\t\t\t\t\t\t\t\t<\/div>\n\t\t\t\t<\/div>\n\t\t\t\t<\/div>\n\t\t\t\t\t<\/div>\n\t\t\t\t<\/div>\n\t\t\t\t<\/div>","protected":false},"excerpt":{"rendered":"<p>About us Experience and technical expertise Since 2018, we have developed a specialized immigration practice focused on strategically structuring each petition according to our clients\u2019 unique circumstances.Our experience before immigration officers and judges allows us to present solid, well-documented cases aligned with the legal requirements of each requested benefit. Over 4,000 cases represented We have [&hellip;]<\/p>","protected":false},"author":1,"featured_media":0,"parent":0,"menu_order":0,"comment_status":"closed","ping_status":"closed","template":"","meta":{"site-sidebar-layout":"no-sidebar","site-content-layout":"page-builder","ast-site-content-layout":"default","site-content-style":"default","site-sidebar-style":"default","ast-global-header-display":"","ast-banner-title-visibility":"","ast-main-header-display":"","ast-hfb-above-header-display":"","ast-hfb-below-header-display":"","ast-hfb-mobile-header-display":"","site-post-title":"disabled","ast-breadcrumbs-content":"","ast-featured-img":"","footer-sml-layout":"","ast-disable-related-posts":"","theme-transparent-header-meta":"enabled","adv-header-id-meta":"","stick-header-meta":"","header-above-stick-meta":"","header-main-stick-meta":"","header-below-stick-meta":"","astra-migrate-meta-layouts":"default","ast-page-background-enabled":"default","ast-page-background-meta":{"desktop":{"background-color":"","background-image":"","background-repeat":"repeat","background-position":"center center","background-size":"auto","background-attachment":"scroll","background-type":"","background-media":"","overlay-type":"","overlay-color":"","overlay-opacity":"","overlay-gradient":""},"tablet":{"background-color":"","background-image":"","background-repeat":"repeat","background-position":"center center","background-size":"auto","background-attachment":"scroll","background-type":"","background-media":"","overlay-type":"","overlay-color":"","overlay-opacity":"","overlay-gradient":""},"mobile":{"background-color":"","background-image":"","background-repeat":"repeat","background-position":"center center","background-size":"auto","background-attachment":"scroll","background-type":"","background-media":"","overlay-type":"","overlay-color":"","overlay-opacity":"","overlay-gradient":""}},"ast-content-background-meta":{"desktop":{"background-color":"var(--ast-global-color-5)","background-image":"","background-repeat":"repeat","background-position":"center center","background-size":"auto","background-attachment":"scroll","background-type":"","background-media":"","overlay-type":"","overlay-color":"","overlay-opacity":"","overlay-gradient":""},"tablet":{"background-color":"var(--ast-global-color-5)","background-image":"","background-repeat":"repeat","background-position":"center center","background-size":"auto","background-attachment":"scroll","background-type":"","background-media":"","overlay-type":"","overlay-color":"","overlay-opacity":"","overlay-gradient":""},"mobile":{"background-color":"var(--ast-global-color-5)","background-image":"","background-repeat":"repeat","background-position":"center center","background-size":"auto","background-attachment":"scroll","background-type":"","background-media":"","overlay-type":"","overlay-color":"","overlay-opacity":"","overlay-gradient":""}},"footnotes":"","_links_to":"","_links_to_target":""},"class_list":["post-1335","page","type-page","status-publish","hentry"],"_hostinger_reach_plugin_has_subscription_block":false,"_hostinger_reach_plugin_is_elementor":false,"_links":{"self":[{"href":"https:\/\/delavegalaw.com\/es\/wp-json\/wp\/v2\/pages\/1335","targetHints":{"allow":["GET"]}}],"collection":[{"href":"https:\/\/delavegalaw.com\/es\/wp-json\/wp\/v2\/pages"}],"about":[{"href":"https:\/\/delavegalaw.com\/es\/wp-json\/wp\/v2\/types\/page"}],"author":[{"embeddable":true,"href":"https:\/\/delavegalaw.com\/es\/wp-json\/wp\/v2\/users\/1"}],"replies":[{"embeddable":true,"href":"https:\/\/delavegalaw.com\/es\/wp-json\/wp\/v2\/comments?post=1335"}],"version-history":[{"count":42,"href":"https:\/\/delavegalaw.com\/es\/wp-json\/wp\/v2\/pages\/1335\/revisions"}],"predecessor-version":[{"id":3610,"href":"https:\/\/delavegalaw.com\/es\/wp-json\/wp\/v2\/pages\/1335\/revisions\/3610"}],"wp:attachment":[{"href":"https:\/\/delavegalaw.com\/es\/wp-json\/wp\/v2\/media?parent=1335"}],"curies":[{"name":"wp","href":"https:\/\/api.w.org\/{rel}","templated":true}]}}